{"id":1327,"date":"2025-05-10T18:25:23","date_gmt":"2025-05-10T18:25:23","guid":{"rendered":"https:\/\/micropigmentacionisabelarias.com\/?page_id=1327"},"modified":"2025-06-10T16:11:42","modified_gmt":"2025-06-10T16:11:42","slug":"conoceme","status":"publish","type":"page","link":"https:\/\/micropigmentacionisabelarias.com\/en\/conoceme\/","title":{"rendered":"CON\u00d3CEME"},"content":{"rendered":"<div data-elementor-type=\"wp-page\" data-elementor-id=\"1327\" class=\"elementor elementor-1327\" data-elementor-post-type=\"page\">\n\t\t\t\t<div class=\"elementor-element elementor-element-ca8df57 e-flex e-con-boxed e-con e-parent\" data-id=\"ca8df57\" data-element_type=\"container\" data-settings=\"{&quot;background_background&quot;:&quot;classic&quot;}\">\n\t\t\t\t\t<div class=\"e-con-inner\">\n\t\t<div class=\"elementor-element elementor-element-9603750 e-con-full animated-slow e-flex elementor-invisible e-con e-child\" data-id=\"9603750\" data-element_type=\"container\" data-settings=\"{&quot;animation&quot;:&quot;fadeIn&quot;}\">\n\t\t\t\t<div class=\"elementor-element elementor-element-e2d7477 elementor-widget-mobile__width-inherit elementor-widget elementor-widget-heading\" data-id=\"e2d7477\" data-element_type=\"widget\" data-widget_type=\"heading.default\">\n\t\t\t\t<div class=\"elementor-widget-container\">\n\t\t\t\t\t<h1 class=\"elementor-heading-title elementor-size-default\">isabel arias<\/h1>\t\t\t\t<\/div>\n\t\t\t\t<\/div>\n\t\t\t\t<div class=\"elementor-element elementor-element-5c0b6b5 elementor-widget-mobile__width-inherit elementor-widget elementor-widget-heading\" data-id=\"5c0b6b5\" data-element_type=\"widget\" data-widget_type=\"heading.default\">\n\t\t\t\t<div class=\"elementor-widget-container\">\n\t\t\t\t\t<h5 class=\"elementor-heading-title elementor-size-default\">Con\u00f3ce m\u00e1s sobre mi<\/h5>\t\t\t\t<\/div>\n\t\t\t\t<\/div>\n\t\t\t\t<\/div>\n\t\t\t\t\t<\/div>\n\t\t\t\t<\/div>\n\t\t<div class=\"elementor-element elementor-element-586d5ae e-flex e-con-boxed e-con e-parent\" data-id=\"586d5ae\" data-element_type=\"container\" data-settings=\"{&quot;background_background&quot;:&quot;classic&quot;}\">\n\t\t\t\t\t<div class=\"e-con-inner\">\n\t\t<div class=\"elementor-element elementor-element-0e63565 e-con-full e-flex e-con e-child\" data-id=\"0e63565\" data-element_type=\"container\">\n\t\t\t\t<div class=\"elementor-element elementor-element-c449ab2 elementor-widget elementor-widget-image\" data-id=\"c449ab2\" data-element_type=\"widget\" data-widget_type=\"image.default\">\n\t\t\t\t<div class=\"elementor-widget-container\">\n\t\t\t\t\t\t\t\t\t\t\t\t\t\t\t<img decoding=\"async\" data-src=\"https:\/\/micropigmentacionisabelarias.com\/wp-content\/uploads\/2025\/05\/256523309_627403555071032_738034105036730565_n-1.png\" title=\"256523309_627403555071032_738034105036730565_n (1)\" alt=\"256523309_627403555071032_738034105036730565_n (1)\" src=\"data:image\/gif;base64,R0lGODlhAQABAAAAACH5BAEKAAEALAAAAAABAAEAAAICTAEAOw==\" class=\"lazyload\" style=\"--smush-placeholder-width: 540px; --smush-placeholder-aspect-ratio: 540\/560;\" \/>\t\t\t\t\t\t\t\t\t\t\t\t\t\t\t<\/div>\n\t\t\t\t<\/div>\n\t\t\t\t<\/div>\n\t\t<div class=\"elementor-element elementor-element-407a678 e-con-full e-flex e-con e-child\" data-id=\"407a678\" data-element_type=\"container\">\n\t\t\t\t<div class=\"elementor-element elementor-element-8b7872c elementor-widget elementor-widget-heading\" data-id=\"8b7872c\" data-element_type=\"widget\" data-widget_type=\"heading.default\">\n\t\t\t\t<div class=\"elementor-widget-container\">\n\t\t\t\t\t<h2 class=\"elementor-heading-title elementor-size-default\">HOLA, SOY ISABEL ARIAS<\/h2>\t\t\t\t<\/div>\n\t\t\t\t<\/div>\n\t\t\t\t<div class=\"elementor-element elementor-element-d34936e elementor-widget elementor-widget-text-editor\" data-id=\"d34936e\" data-element_type=\"widget\" data-widget_type=\"text-editor.default\">\n\t\t\t\t<div class=\"elementor-widget-container\">\n\t\t\t\t\t\t\t\t\t<p>T\u00e9cnico Especialista en Micropigmentaci\u00f3n y T\u00e9cnicas Param\u00e9dicas<\/p>\t\t\t\t\t\t\t\t<\/div>\n\t\t\t\t<\/div>\n\t\t\t\t<div class=\"elementor-element elementor-element-f982d14 elementor-widget elementor-widget-text-editor\" data-id=\"f982d14\" data-element_type=\"widget\" data-widget_type=\"text-editor.default\">\n\t\t\t\t<div class=\"elementor-widget-container\">\n\t\t\t\t\t\t\t\t\t<p>Me dedico a esta profesi\u00f3n de forma apasionada desde hace m\u00e1s de 25 a\u00f1os.<\/p><p>Complet\u00e9 mi formaci\u00f3n en Alemania, en la prestigiosa escuela Goldeneye en Karlsruhe.<\/p><p>Tras mi extensa experiencia adquirida como maquilladora profesional, retratista y tatuadora y tras haber trabajado con distintas t\u00e9cnicas, equipos y materiales, he elaborado mi propio m\u00e9todo exclusivo de Tatuaje Cl\u00ednico-Est\u00e9tico MicroInk\u00ae.<\/p>\t\t\t\t\t\t\t\t<\/div>\n\t\t\t\t<\/div>\n\t\t\t\t<\/div>\n\t\t\t\t\t<\/div>\n\t\t\t\t<\/div>\n\t\t<div class=\"elementor-element elementor-element-6e61e72 e-flex e-con-boxed e-con e-parent\" data-id=\"6e61e72\" data-element_type=\"container\" data-settings=\"{&quot;background_background&quot;:&quot;classic&quot;}\">\n\t\t\t\t\t<div class=\"e-con-inner\">\n\t\t<div class=\"elementor-element elementor-element-79d2476 e-con-full e-flex e-con e-child\" data-id=\"79d2476\" data-element_type=\"container\">\n\t\t\t\t<div class=\"elementor-element elementor-element-812c732 elementor-widget elementor-widget-heading\" data-id=\"812c732\" data-element_type=\"widget\" data-widget_type=\"heading.default\">\n\t\t\t\t<div class=\"elementor-widget-container\">\n\t\t\t\t\t<h2 class=\"elementor-heading-title elementor-size-default\">SI NO SABES QUE TRATAMIENTO ES MEJOR PARA TI, CONTACTA CONMIGO Y ESTAR\u00c9 ENCANTADA DE AYUDARTE<\/h2>\t\t\t\t<\/div>\n\t\t\t\t<\/div>\n\t\t\t\t<div class=\"elementor-element elementor-element-57a7cb5 elementor-widget elementor-widget-ucaddon_border_btn_effect\" data-id=\"57a7cb5\" data-element_type=\"widget\" data-widget_type=\"ucaddon_border_btn_effect.default\">\n\t\t\t\t<div class=\"elementor-widget-container\">\n\t\t\t\t\t\n<!-- start Border Button Effect -->\n\t\t<link id='font-awesome-css' href='https:\/\/micropigmentacionisabelarias.com\/wp-content\/plugins\/unlimited-elements-for-elementor-premium\/assets_libraries\/font-awesome6\/fontawesome-all.min.css' type='text\/css' rel='stylesheet' >\n\t\t<link id='font-awesome-4-shim-css' href='https:\/\/micropigmentacionisabelarias.com\/wp-content\/plugins\/unlimited-elements-for-elementor-premium\/assets_libraries\/font-awesome6\/fontawesome-v4-shims.min.css' type='text\/css' rel='stylesheet' >\n\n<style>\/* widget: Border Button Effect *\/\n\n#uc_border_btn_effect_elementor_57a7cb5 {\n  min-height:1px;\n}\n\n#uc_border_btn_effect_elementor_57a7cb5 .ue-btn{\n  justify-content: center;\n  text-align: center;\n  position: relative;\n  text-decoration: none;\n  box-sizing:border-box;\n  outline:none;\n}\n\n#uc_border_btn_effect_elementor_57a7cb5 .ue-btn:before,\n#uc_border_btn_effect_elementor_57a7cb5 .ue-btn:after{\n  position: absolute;\n  content: \"\";\n}\n\n#uc_border_btn_effect_elementor_57a7cb5 .ue-btn:before{\n  border-bottom: 1px solid #EABE38;\n  border-left: 1px solid #EABE38;\n  width: 20px;\n  height: 20px;\n  left: -4px;\n  bottom: -4px;\n}\n\n#uc_border_btn_effect_elementor_57a7cb5 .ue-btn:after{\n  border-top: 1px solid #EABE38;\n  border-right: 1px solid #EABE38;\n  width: 20px;\n  height: 20px;\n  top: -4px;\n  right: -4px;\n}\n\n#uc_border_btn_effect_elementor_57a7cb5 .ue-btn:hover:before{\n  width: 100%;\n  height: 100%;\n}\n\n#uc_border_btn_effect_elementor_57a7cb5 .ue-btn:hover:after{\n  width: 100%;\n  height: 100%;\n}\n\n\n\n<\/style>\n\n<div id=\"uc_border_btn_effect_elementor_57a7cb5\" class=\"ue-btn-wrapper\">\n  <a class=\"ue-btn\" href=\"https:\/\/micropigmentacionisabelarias.com\/en\/contacto\/\"  aria-label=\"pide tu cita\">\n        pide tu cita\n  <\/a>\n<\/div>\n<!-- end Border Button Effect -->\t\t\t\t<\/div>\n\t\t\t\t<\/div>\n\t\t\t\t<\/div>\n\t\t\t\t\t<\/div>\n\t\t\t\t<\/div>\n\t\t\t\t<\/div>","protected":false},"excerpt":{"rendered":"<p>isabel arias Con\u00f3ce m\u00e1s sobre mi HOLA, SOY ISABEL ARIAS T\u00e9cnico Especialista en Micropigmentaci\u00f3n y T\u00e9cnicas Param\u00e9dicas Me dedico a esta profesi\u00f3n de forma apasionada desde hace m\u00e1s de 25 a\u00f1os. Complet\u00e9 mi formaci\u00f3n en Alemania, en la prestigiosa escuela Goldeneye en Karlsruhe. Tras mi extensa experiencia adquirida como maquilladora profesional, retratista y tatuadora y [&hellip;]<\/p>","protected":false},"author":2,"featured_media":0,"parent":0,"menu_order":0,"comment_status":"closed","ping_status":"closed","template":"elementor_header_footer","meta":{"footnotes":""},"class_list":["post-1327","page","type-page","status-publish","hentry"],"_links":{"self":[{"href":"https:\/\/micropigmentacionisabelarias.com\/en\/wp-json\/wp\/v2\/pages\/1327","targetHints":{"allow":["GET"]}}],"collection":[{"href":"https:\/\/micropigmentacionisabelarias.com\/en\/wp-json\/wp\/v2\/pages"}],"about":[{"href":"https:\/\/micropigmentacionisabelarias.com\/en\/wp-json\/wp\/v2\/types\/page"}],"author":[{"embeddable":true,"href":"https:\/\/micropigmentacionisabelarias.com\/en\/wp-json\/wp\/v2\/users\/2"}],"replies":[{"embeddable":true,"href":"https:\/\/micropigmentacionisabelarias.com\/en\/wp-json\/wp\/v2\/comments?post=1327"}],"version-history":[{"count":23,"href":"https:\/\/micropigmentacionisabelarias.com\/en\/wp-json\/wp\/v2\/pages\/1327\/revisions"}],"predecessor-version":[{"id":2868,"href":"https:\/\/micropigmentacionisabelarias.com\/en\/wp-json\/wp\/v2\/pages\/1327\/revisions\/2868"}],"wp:attachment":[{"href":"https:\/\/micropigmentacionisabelarias.com\/en\/wp-json\/wp\/v2\/media?parent=1327"}],"curies":[{"name":"wp","href":"https:\/\/api.w.org\/{rel}","templated":true}]}}