{"id":575,"date":"2024-06-03T17:00:12","date_gmt":"2024-06-03T17:00:12","guid":{"rendered":"https:\/\/micropigmentacionisabelarias.com\/?page_id=575"},"modified":"2025-09-19T14:03:24","modified_gmt":"2025-09-19T14:03:24","slug":"hombres","status":"publish","type":"page","link":"https:\/\/micropigmentacionisabelarias.com\/en\/hombres\/","title":{"rendered":"Men"},"content":{"rendered":"<div data-elementor-type=\"wp-page\" data-elementor-id=\"575\" class=\"elementor elementor-575\" data-elementor-post-type=\"page\">\n\t\t\t\t<div class=\"elementor-element elementor-element-ce88bc6 e-flex e-con-boxed e-con e-parent\" data-id=\"ce88bc6\" data-element_type=\"container\" data-settings=\"{&quot;background_background&quot;:&quot;classic&quot;}\">\n\t\t\t\t\t<div class=\"e-con-inner\">\n\t\t<div class=\"elementor-element elementor-element-c1cc2ea e-con-full animated-slow e-flex elementor-invisible e-con e-child\" data-id=\"c1cc2ea\" data-element_type=\"container\" data-settings=\"{&quot;animation&quot;:&quot;fadeIn&quot;}\">\n\t\t\t\t<div class=\"elementor-element elementor-element-84b2f41 elementor-widget-mobile__width-inherit elementor-widget elementor-widget-heading\" data-id=\"84b2f41\" data-element_type=\"widget\" data-widget_type=\"heading.default\">\n\t\t\t\t<div class=\"elementor-widget-container\">\n\t\t\t\t\t<h1 class=\"elementor-heading-title elementor-size-default\">HOMBRES<\/h1>\t\t\t\t<\/div>\n\t\t\t\t<\/div>\n\t\t\t\t<div class=\"elementor-element elementor-element-62a246d elementor-widget-mobile__width-inherit elementor-widget elementor-widget-heading\" data-id=\"62a246d\" data-element_type=\"widget\" data-widget_type=\"heading.default\">\n\t\t\t\t<div class=\"elementor-widget-container\">\n\t\t\t\t\t<h5 class=\"elementor-heading-title elementor-size-default\">Nuestros tratamientos<\/h5>\t\t\t\t<\/div>\n\t\t\t\t<\/div>\n\t\t\t\t<\/div>\n\t\t\t\t\t<\/div>\n\t\t\t\t<\/div>\n\t\t<div class=\"elementor-element elementor-element-555b2a3 e-flex e-con-boxed e-con e-parent\" data-id=\"555b2a3\" data-element_type=\"container\" data-settings=\"{&quot;background_background&quot;:&quot;classic&quot;}\">\n\t\t\t\t\t<div class=\"e-con-inner\">\n\t\t<div class=\"elementor-element elementor-element-2254ae1 e-con-full e-flex e-con e-child\" data-id=\"2254ae1\" data-element_type=\"container\">\n\t\t<div class=\"elementor-element elementor-element-57f9664 e-con-full e-flex e-con e-child\" data-id=\"57f9664\" data-element_type=\"container\">\n\t\t\t\t<div class=\"elementor-element elementor-element-048c4e0 elementor-widget elementor-widget-heading\" data-id=\"048c4e0\" data-element_type=\"widget\" data-widget_type=\"heading.default\">\n\t\t\t\t<div class=\"elementor-widget-container\">\n\t\t\t\t\t<h2 class=\"elementor-heading-title elementor-size-default\">CEJAS<\/h2>\t\t\t\t<\/div>\n\t\t\t\t<\/div>\n\t\t\t\t<div class=\"elementor-element elementor-element-f7136ad elementor-widget elementor-widget-text-editor\" data-id=\"f7136ad\" data-element_type=\"widget\" data-widget_type=\"text-editor.default\">\n\t\t\t\t<div class=\"elementor-widget-container\">\n\t\t\t\t\t\t\t\t\t<p>Repoblaci\u00f3n y Reconstrucci\u00f3n Natural para Hombres<\/p>\t\t\t\t\t\t\t\t<\/div>\n\t\t\t\t<\/div>\n\t\t\t\t<div class=\"elementor-element elementor-element-567366f elementor-widget elementor-widget-text-editor\" data-id=\"567366f\" data-element_type=\"widget\" data-widget_type=\"text-editor.default\">\n\t\t\t\t<div class=\"elementor-widget-container\">\n\t\t\t\t\t\t\t\t\t<p>\u00bfTienes cejas poco pobladas, claras, ca\u00eddas o con alopecia? La t\u00e9cnica microINK\u00ae es la soluci\u00f3n ideal para lograr cejas naturales y bien definidas.<\/p><p>Nos especializamos en micropigmentaci\u00f3n para hombres, manteniendo un dise\u00f1o sutil y masculino con el m\u00e9todo pelo a pelo.<\/p><p>Realizamos un estudio personalizado de tu estructura facial para ofrecerte un tratamiento a medida,\u00a0 con resultados de m\u00e1xima calidad y durabilidad.<\/p>\t\t\t\t\t\t\t\t<\/div>\n\t\t\t\t<\/div>\n\t\t\t\t<\/div>\n\t\t<div class=\"elementor-element elementor-element-257eb01 e-con-full e-flex e-con e-child\" data-id=\"257eb01\" data-element_type=\"container\">\n\t\t\t\t<div class=\"elementor-element elementor-element-783b97e elementor-widget elementor-widget-image\" data-id=\"783b97e\" data-element_type=\"widget\" data-widget_type=\"image.default\">\n\t\t\t\t<div class=\"elementor-widget-container\">\n\t\t\t\t\t\t\t\t\t\t\t\t\t\t\t<img fetchpriority=\"high\" decoding=\"async\" width=\"418\" height=\"530\" src=\"https:\/\/micropigmentacionisabelarias.com\/wp-content\/uploads\/2025\/06\/image.png\" class=\"attachment-full size-full wp-image-2608\" alt=\"\" srcset=\"https:\/\/micropigmentacionisabelarias.com\/wp-content\/uploads\/2025\/06\/image.png 418w, https:\/\/micropigmentacionisabelarias.com\/wp-content\/uploads\/2025\/06\/image-237x300.png 237w, https:\/\/micropigmentacionisabelarias.com\/wp-content\/uploads\/2025\/06\/image-9x12.png 9w\" sizes=\"(max-width: 418px) 100vw, 418px\" \/>\t\t\t\t\t\t\t\t\t\t\t\t\t\t\t<\/div>\n\t\t\t\t<\/div>\n\t\t\t\t<\/div>\n\t\t\t\t<\/div>\n\t\t<div class=\"elementor-element elementor-element-687a4d2 e-con-full e-flex e-con e-child\" data-id=\"687a4d2\" data-element_type=\"container\">\n\t\t<div class=\"elementor-element elementor-element-653541a e-con-full e-flex e-con e-child\" data-id=\"653541a\" data-element_type=\"container\">\n\t\t\t\t<div class=\"elementor-element elementor-element-a2435f5 elementor-widget elementor-widget-image\" data-id=\"a2435f5\" data-element_type=\"widget\" data-widget_type=\"image.default\">\n\t\t\t\t<div class=\"elementor-widget-container\">\n\t\t\t\t\t\t\t\t\t\t\t\t\t\t\t<img decoding=\"async\" width=\"1080\" height=\"1080\" data-src=\"https:\/\/micropigmentacionisabelarias.com\/wp-content\/uploads\/2025\/06\/HOMBRES-CEJAS-CASO-1.png\" class=\"attachment-full size-full wp-image-2514 lazyload\" alt=\"\" data-srcset=\"https:\/\/micropigmentacionisabelarias.com\/wp-content\/uploads\/2025\/06\/HOMBRES-CEJAS-CASO-1.png 1080w, https:\/\/micropigmentacionisabelarias.com\/wp-content\/uploads\/2025\/06\/HOMBRES-CEJAS-CASO-1-300x300.png 300w, https:\/\/micropigmentacionisabelarias.com\/wp-content\/uploads\/2025\/06\/HOMBRES-CEJAS-CASO-1-1024x1024.png 1024w, https:\/\/micropigmentacionisabelarias.com\/wp-content\/uploads\/2025\/06\/HOMBRES-CEJAS-CASO-1-150x150.png 150w, https:\/\/micropigmentacionisabelarias.com\/wp-content\/uploads\/2025\/06\/HOMBRES-CEJAS-CASO-1-768x768.png 768w, https:\/\/micropigmentacionisabelarias.com\/wp-content\/uploads\/2025\/06\/HOMBRES-CEJAS-CASO-1-12x12.png 12w\" data-sizes=\"(max-width: 1080px) 100vw, 1080px\" src=\"data:image\/gif;base64,R0lGODlhAQABAAAAACH5BAEKAAEALAAAAAABAAEAAAICTAEAOw==\" style=\"--smush-placeholder-width: 1080px; --smush-placeholder-aspect-ratio: 1080\/1080;\" \/>\t\t\t\t\t\t\t\t\t\t\t\t\t\t\t<\/div>\n\t\t\t\t<\/div>\n\t\t\t\t<\/div>\n\t\t\t\t<\/div>\n\t\t\t\t\t<\/div>\n\t\t\t\t<\/div>\n\t\t<div class=\"elementor-element elementor-element-ee04e2d e-flex e-con-boxed e-con e-parent\" data-id=\"ee04e2d\" data-element_type=\"container\" data-settings=\"{&quot;background_background&quot;:&quot;classic&quot;}\">\n\t\t\t\t\t<div class=\"e-con-inner\">\n\t\t<div class=\"elementor-element elementor-element-6f754df e-con-full e-flex e-con e-child\" data-id=\"6f754df\" data-element_type=\"container\">\n\t\t<div class=\"elementor-element elementor-element-ca7ece9 e-con-full e-flex e-con e-child\" data-id=\"ca7ece9\" data-element_type=\"container\">\n\t\t\t\t<div class=\"elementor-element elementor-element-225a94b elementor-widget elementor-widget-image\" data-id=\"225a94b\" data-element_type=\"widget\" data-widget_type=\"image.default\">\n\t\t\t\t<div class=\"elementor-widget-container\">\n\t\t\t\t\t\t\t\t\t\t\t\t\t\t\t<img decoding=\"async\" width=\"418\" height=\"400\" data-src=\"https:\/\/micropigmentacionisabelarias.com\/wp-content\/uploads\/2025\/05\/images-1-2-1.png\" class=\"attachment-full size-full wp-image-1732 lazyload\" alt=\"\" data-srcset=\"https:\/\/micropigmentacionisabelarias.com\/wp-content\/uploads\/2025\/05\/images-1-2-1.png 418w, https:\/\/micropigmentacionisabelarias.com\/wp-content\/uploads\/2025\/05\/images-1-2-1-300x287.png 300w, https:\/\/micropigmentacionisabelarias.com\/wp-content\/uploads\/2025\/05\/images-1-2-1-13x12.png 13w\" data-sizes=\"(max-width: 418px) 100vw, 418px\" src=\"data:image\/gif;base64,R0lGODlhAQABAAAAACH5BAEKAAEALAAAAAABAAEAAAICTAEAOw==\" style=\"--smush-placeholder-width: 418px; --smush-placeholder-aspect-ratio: 418\/400;\" \/>\t\t\t\t\t\t\t\t\t\t\t\t\t\t\t<\/div>\n\t\t\t\t<\/div>\n\t\t\t\t<\/div>\n\t\t<div class=\"elementor-element elementor-element-495d697 e-con-full e-flex e-con e-child\" data-id=\"495d697\" data-element_type=\"container\">\n\t\t\t\t<div class=\"elementor-element elementor-element-a84a422 elementor-widget elementor-widget-heading\" data-id=\"a84a422\" data-element_type=\"widget\" data-widget_type=\"heading.default\">\n\t\t\t\t<div class=\"elementor-widget-container\">\n\t\t\t\t\t<h2 class=\"elementor-heading-title elementor-size-default\">ESPESOR DE PESTA\u00d1AS<\/h2>\t\t\t\t<\/div>\n\t\t\t\t<\/div>\n\t\t\t\t<div class=\"elementor-element elementor-element-6a5a88d elementor-widget elementor-widget-text-editor\" data-id=\"6a5a88d\" data-element_type=\"widget\" data-widget_type=\"text-editor.default\">\n\t\t\t\t<div class=\"elementor-widget-container\">\n\t\t\t\t\t\t\t\t\t<p>Recupera la densidad y definici\u00f3n para una mirada m\u00e1s intensa y atractiva<\/p>\t\t\t\t\t\t\t\t<\/div>\n\t\t\t\t<\/div>\n\t\t\t\t<div class=\"elementor-element elementor-element-3e03631 elementor-widget elementor-widget-text-editor\" data-id=\"3e03631\" data-element_type=\"widget\" data-widget_type=\"text-editor.default\">\n\t\t\t\t<div class=\"elementor-widget-container\">\n\t\t\t\t\t\t\t\t\t<p>Si tus pesta\u00f1as son demasiado claras, carecen de densidad, o tienes calvitas entre las pesta\u00f1as, este tratamiento es ideal para ti.<\/p><p>Tambi\u00e9n ofrecemos micropigmentaci\u00f3n para pacientes oncol\u00f3gicos que desean recuperar la expresi\u00f3n y confianza en su mirada.<\/p><p>Este tratamiento ayuda a conseguir pesta\u00f1as m\u00e1s densas, naturales y duraderas, logrando una mirada m\u00e1s intensa y atractiva.<\/p>\t\t\t\t\t\t\t\t<\/div>\n\t\t\t\t<\/div>\n\t\t\t\t<\/div>\n\t\t\t\t<\/div>\n\t\t<div class=\"elementor-element elementor-element-cac7074 e-con-full e-flex e-con e-child\" data-id=\"cac7074\" data-element_type=\"container\">\n\t\t<div class=\"elementor-element elementor-element-6b6645e e-con-full e-flex e-con e-child\" data-id=\"6b6645e\" data-element_type=\"container\">\n\t\t\t\t<div class=\"elementor-element elementor-element-0db7f8e elementor-widget elementor-widget-image\" data-id=\"0db7f8e\" data-element_type=\"widget\" data-widget_type=\"image.default\">\n\t\t\t\t<div class=\"elementor-widget-container\">\n\t\t\t\t\t\t\t\t\t\t\t\t\t\t\t<img decoding=\"async\" width=\"1080\" height=\"1080\" data-src=\"https:\/\/micropigmentacionisabelarias.com\/wp-content\/uploads\/2025\/06\/HOMBRES-PESTANAS-CASO-1.png\" class=\"attachment-full size-full wp-image-2515 lazyload\" alt=\"\" data-srcset=\"https:\/\/micropigmentacionisabelarias.com\/wp-content\/uploads\/2025\/06\/HOMBRES-PESTANAS-CASO-1.png 1080w, https:\/\/micropigmentacionisabelarias.com\/wp-content\/uploads\/2025\/06\/HOMBRES-PESTANAS-CASO-1-300x300.png 300w, https:\/\/micropigmentacionisabelarias.com\/wp-content\/uploads\/2025\/06\/HOMBRES-PESTANAS-CASO-1-1024x1024.png 1024w, https:\/\/micropigmentacionisabelarias.com\/wp-content\/uploads\/2025\/06\/HOMBRES-PESTANAS-CASO-1-150x150.png 150w, https:\/\/micropigmentacionisabelarias.com\/wp-content\/uploads\/2025\/06\/HOMBRES-PESTANAS-CASO-1-768x768.png 768w, https:\/\/micropigmentacionisabelarias.com\/wp-content\/uploads\/2025\/06\/HOMBRES-PESTANAS-CASO-1-12x12.png 12w\" data-sizes=\"(max-width: 1080px) 100vw, 1080px\" src=\"data:image\/gif;base64,R0lGODlhAQABAAAAACH5BAEKAAEALAAAAAABAAEAAAICTAEAOw==\" style=\"--smush-placeholder-width: 1080px; --smush-placeholder-aspect-ratio: 1080\/1080;\" \/>\t\t\t\t\t\t\t\t\t\t\t\t\t\t\t<\/div>\n\t\t\t\t<\/div>\n\t\t\t\t<\/div>\n\t\t\t\t<\/div>\n\t\t\t\t\t<\/div>\n\t\t\t\t<\/div>\n\t\t<div class=\"elementor-element elementor-element-f26e6bd e-flex e-con-boxed e-con e-parent\" data-id=\"f26e6bd\" data-element_type=\"container\" data-settings=\"{&quot;background_background&quot;:&quot;classic&quot;}\">\n\t\t\t\t\t<div class=\"e-con-inner\">\n\t\t<div class=\"elementor-element elementor-element-93ca28f e-con-full e-flex e-con e-child\" data-id=\"93ca28f\" data-element_type=\"container\">\n\t\t\t\t<div class=\"elementor-element elementor-element-d987d77 elementor-widget elementor-widget-heading\" data-id=\"d987d77\" data-element_type=\"widget\" data-widget_type=\"heading.default\">\n\t\t\t\t<div class=\"elementor-widget-container\">\n\t\t\t\t\t<h2 class=\"elementor-heading-title elementor-size-default\">SI NO SABES QUE TRATAMIENTO ES MEJOR PARA TI, CONTACTA CONMIGO Y ESTAR\u00c9 ENCANTADA DE AYUDARTE<\/h2>\t\t\t\t<\/div>\n\t\t\t\t<\/div>\n\t\t\t\t<div class=\"elementor-element elementor-element-de7a792 elementor-widget elementor-widget-ucaddon_border_btn_effect\" data-id=\"de7a792\" data-element_type=\"widget\" data-widget_type=\"ucaddon_border_btn_effect.default\">\n\t\t\t\t<div class=\"elementor-widget-container\">\n\t\t\t\t\t\n<!-- start Border Button Effect -->\n\t\t<link id='font-awesome-css' href='https:\/\/micropigmentacionisabelarias.com\/wp-content\/plugins\/unlimited-elements-for-elementor-premium\/assets_libraries\/font-awesome6\/fontawesome-all.min.css' type='text\/css' rel='stylesheet' >\n\t\t<link id='font-awesome-4-shim-css' href='https:\/\/micropigmentacionisabelarias.com\/wp-content\/plugins\/unlimited-elements-for-elementor-premium\/assets_libraries\/font-awesome6\/fontawesome-v4-shims.min.css' type='text\/css' rel='stylesheet' >\n\n<style>\/* widget: Border Button Effect *\/\n\n#uc_border_btn_effect_elementor_de7a792 {\n  min-height:1px;\n}\n\n#uc_border_btn_effect_elementor_de7a792 .ue-btn{\n  justify-content: center;\n  text-align: center;\n  position: relative;\n  text-decoration: none;\n  box-sizing:border-box;\n  outline:none;\n}\n\n#uc_border_btn_effect_elementor_de7a792 .ue-btn:before,\n#uc_border_btn_effect_elementor_de7a792 .ue-btn:after{\n  position: absolute;\n  content: \"\";\n}\n\n#uc_border_btn_effect_elementor_de7a792 .ue-btn:before{\n  border-bottom: 1px solid #EABE38;\n  border-left: 1px solid #EABE38;\n  width: 20px;\n  height: 20px;\n  left: -4px;\n  bottom: -4px;\n}\n\n#uc_border_btn_effect_elementor_de7a792 .ue-btn:after{\n  border-top: 1px solid #EABE38;\n  border-right: 1px solid #EABE38;\n  width: 20px;\n  height: 20px;\n  top: -4px;\n  right: -4px;\n}\n\n#uc_border_btn_effect_elementor_de7a792 .ue-btn:hover:before{\n  width: 100%;\n  height: 100%;\n}\n\n#uc_border_btn_effect_elementor_de7a792 .ue-btn:hover:after{\n  width: 100%;\n  height: 100%;\n}\n\n\n\n<\/style>\n\n<div id=\"uc_border_btn_effect_elementor_de7a792\" class=\"ue-btn-wrapper\">\n  <a class=\"ue-btn\" href=\"https:\/\/micropigmentacionisabelarias.com\/en\/contacto\/\"  aria-label=\"pide tu cita\">\n        pide tu cita\n  <\/a>\n<\/div>\n<!-- end Border Button Effect -->\t\t\t\t<\/div>\n\t\t\t\t<\/div>\n\t\t\t\t<\/div>\n\t\t\t\t\t<\/div>\n\t\t\t\t<\/div>\n\t\t\t\t<\/div>","protected":false},"excerpt":{"rendered":"<p>HOMBRES Nuestros tratamientos CEJAS Repoblaci\u00f3n y Reconstrucci\u00f3n Natural para Hombres \u00bfTienes cejas poco pobladas, claras, ca\u00eddas o con alopecia? La t\u00e9cnica microINK\u00ae es la soluci\u00f3n ideal para lograr cejas naturales y bien definidas. Nos especializamos en micropigmentaci\u00f3n para hombres, manteniendo un dise\u00f1o sutil y masculino con el m\u00e9todo pelo a pelo. Realizamos un estudio personalizado [&hellip;]<\/p>","protected":false},"author":2,"featured_media":0,"parent":0,"menu_order":0,"comment_status":"closed","ping_status":"closed","template":"elementor_header_footer","meta":{"footnotes":""},"class_list":["post-575","page","type-page","status-publish","hentry"],"_links":{"self":[{"href":"https:\/\/micropigmentacionisabelarias.com\/en\/wp-json\/wp\/v2\/pages\/575","targetHints":{"allow":["GET"]}}],"collection":[{"href":"https:\/\/micropigmentacionisabelarias.com\/en\/wp-json\/wp\/v2\/pages"}],"about":[{"href":"https:\/\/micropigmentacionisabelarias.com\/en\/wp-json\/wp\/v2\/types\/page"}],"author":[{"embeddable":true,"href":"https:\/\/micropigmentacionisabelarias.com\/en\/wp-json\/wp\/v2\/users\/2"}],"replies":[{"embeddable":true,"href":"https:\/\/micropigmentacionisabelarias.com\/en\/wp-json\/wp\/v2\/comments?post=575"}],"version-history":[{"count":129,"href":"https:\/\/micropigmentacionisabelarias.com\/en\/wp-json\/wp\/v2\/pages\/575\/revisions"}],"predecessor-version":[{"id":2924,"href":"https:\/\/micropigmentacionisabelarias.com\/en\/wp-json\/wp\/v2\/pages\/575\/revisions\/2924"}],"wp:attachment":[{"href":"https:\/\/micropigmentacionisabelarias.com\/en\/wp-json\/wp\/v2\/media?parent=575"}],"curies":[{"name":"wp","href":"https:\/\/api.w.org\/{rel}","templated":true}]}}