{"id":602,"date":"2024-06-03T17:10:46","date_gmt":"2024-06-03T17:10:46","guid":{"rendered":"https:\/\/micropigmentacionisabelarias.com\/?page_id=602"},"modified":"2025-09-19T13:52:04","modified_gmt":"2025-09-19T13:52:04","slug":"oncologia","status":"publish","type":"page","link":"https:\/\/micropigmentacionisabelarias.com\/en\/oncologia\/","title":{"rendered":"Oncolog\u00eda"},"content":{"rendered":"<div data-elementor-type=\"wp-page\" data-elementor-id=\"602\" class=\"elementor elementor-602\" data-elementor-post-type=\"page\">\n\t\t\t\t<div class=\"elementor-element elementor-element-08b22e7 e-flex e-con-boxed e-con e-parent\" data-id=\"08b22e7\" data-element_type=\"container\" data-settings=\"{&quot;background_background&quot;:&quot;classic&quot;}\">\n\t\t\t\t\t<div class=\"e-con-inner\">\n\t\t<div class=\"elementor-element elementor-element-b51db80 e-con-full animated-slow e-flex elementor-invisible e-con e-child\" data-id=\"b51db80\" data-element_type=\"container\" data-settings=\"{&quot;animation&quot;:&quot;fadeIn&quot;}\">\n\t\t\t\t<div class=\"elementor-element elementor-element-9783726 elementor-widget-mobile__width-inherit elementor-widget elementor-widget-heading\" data-id=\"9783726\" data-element_type=\"widget\" data-widget_type=\"heading.default\">\n\t\t\t\t<div class=\"elementor-widget-container\">\n\t\t\t\t\t<h1 class=\"elementor-heading-title elementor-size-default\">ONCOLOG\u00cdA Y ALOPECIA<\/h1>\t\t\t\t<\/div>\n\t\t\t\t<\/div>\n\t\t\t\t<div class=\"elementor-element elementor-element-dfd9b57 elementor-widget-mobile__width-inherit elementor-widget elementor-widget-heading\" data-id=\"dfd9b57\" data-element_type=\"widget\" data-widget_type=\"heading.default\">\n\t\t\t\t<div class=\"elementor-widget-container\">\n\t\t\t\t\t<h5 class=\"elementor-heading-title elementor-size-default\">Nuestros tratamientos<\/h5>\t\t\t\t<\/div>\n\t\t\t\t<\/div>\n\t\t\t\t<\/div>\n\t\t\t\t\t<\/div>\n\t\t\t\t<\/div>\n\t\t<div class=\"elementor-element elementor-element-f7f7f46 e-flex e-con-boxed e-con e-parent\" data-id=\"f7f7f46\" data-element_type=\"container\" data-settings=\"{&quot;background_background&quot;:&quot;classic&quot;}\">\n\t\t\t\t\t<div class=\"e-con-inner\">\n\t\t<div class=\"elementor-element elementor-element-6fc9492 e-con-full e-flex e-con e-child\" data-id=\"6fc9492\" data-element_type=\"container\">\n\t\t<div class=\"elementor-element elementor-element-d73bd29 e-con-full e-flex e-con e-child\" data-id=\"d73bd29\" data-element_type=\"container\">\n\t\t\t\t<div class=\"elementor-element elementor-element-ab29c31 elementor-widget elementor-widget-heading\" data-id=\"ab29c31\" data-element_type=\"widget\" data-widget_type=\"heading.default\">\n\t\t\t\t<div class=\"elementor-widget-container\">\n\t\t\t\t\t<h2 class=\"elementor-heading-title elementor-size-default\">DERMOPIGMENTACI\u00d3N ONCOL\u00d3GICA<\/h2>\t\t\t\t<\/div>\n\t\t\t\t<\/div>\n\t\t\t\t<div class=\"elementor-element elementor-element-1a3ce96 elementor-widget elementor-widget-text-editor\" data-id=\"1a3ce96\" data-element_type=\"widget\" data-widget_type=\"text-editor.default\">\n\t\t\t\t<div class=\"elementor-widget-container\">\n\t\t\t\t\t\t\t\t\t<p>Recupera tu imagen, refuerza tu autoestima y siente el cambio, tambi\u00e9n durante el proceso<\/p>\t\t\t\t\t\t\t\t<\/div>\n\t\t\t\t<\/div>\n\t\t\t\t<div class=\"elementor-element elementor-element-6278b3a elementor-widget elementor-widget-text-editor\" data-id=\"6278b3a\" data-element_type=\"widget\" data-widget_type=\"text-editor.default\">\n\t\t\t\t<div class=\"elementor-widget-container\">\n\t\t\t\t\t\t\t\t\t<p>En un proceso oncol\u00f3gico, cuidar tu imagen no es superficial: es terap\u00e9utico. Est\u00e1 demostrado que sentirte bien contigo mismo influye directamente en tu estado emocional y en la respuesta del sistema inmunol\u00f3gico.<\/p><p>Por eso, ofrecemos tratamientos de dermopigmentaci\u00f3n personalizados para ayudarte a verte bien, incluso en los momentos m\u00e1s dif\u00edciles.<\/p><p>Durante o despu\u00e9s de la quimioterapia, es posible reconstruir \u00f3pticamente las cejas o la l\u00ednea de pesta\u00f1as mediante tatuaje cosm\u00e9tico, siempre con autorizaci\u00f3n m\u00e9dica. Esto permite suavizar el impacto de la alopecia facial, una de las p\u00e9rdidas m\u00e1s visibles y emocionalmente m\u00e1s dif\u00edciles de sobrellevar, especialmente en pacientes que no usan maquillaje, como muchos hombres.<\/p><p>He colaborado con la Fundaci\u00f3n Stanpa en el Hospital Puerta de Hierro, donde pude ver en primera persona c\u00f3mo un simple gesto como recuperar una ceja cambia la expresi\u00f3n y el \u00e1nimo. Porque s\u00ed, hay un antes y un despu\u00e9s, y merece la pena sentirte t\u00fa, incluso en medio del proceso.<\/p>\t\t\t\t\t\t\t\t<\/div>\n\t\t\t\t<\/div>\n\t\t\t\t<\/div>\n\t\t<div class=\"elementor-element elementor-element-b03d28a e-con-full e-flex e-con e-child\" data-id=\"b03d28a\" data-element_type=\"container\">\n\t\t\t\t<div class=\"elementor-element elementor-element-374739e elementor-widget elementor-widget-image\" data-id=\"374739e\" data-element_type=\"widget\" data-widget_type=\"image.default\">\n\t\t\t\t<div class=\"elementor-widget-container\">\n\t\t\t\t\t\t\t\t\t\t\t\t\t\t\t<img fetchpriority=\"high\" decoding=\"async\" width=\"540\" height=\"598\" src=\"https:\/\/micropigmentacionisabelarias.com\/wp-content\/uploads\/2025\/05\/209053994_982286382537215_675919002701726443_n-2.png\" class=\"attachment-full size-full wp-image-1711\" alt=\"\" srcset=\"https:\/\/micropigmentacionisabelarias.com\/wp-content\/uploads\/2025\/05\/209053994_982286382537215_675919002701726443_n-2.png 540w, https:\/\/micropigmentacionisabelarias.com\/wp-content\/uploads\/2025\/05\/209053994_982286382537215_675919002701726443_n-2-271x300.png 271w, https:\/\/micropigmentacionisabelarias.com\/wp-content\/uploads\/2025\/05\/209053994_982286382537215_675919002701726443_n-2-11x12.png 11w\" sizes=\"(max-width: 540px) 100vw, 540px\" \/>\t\t\t\t\t\t\t\t\t\t\t\t\t\t\t<\/div>\n\t\t\t\t<\/div>\n\t\t\t\t<\/div>\n\t\t\t\t<\/div>\n\t\t<div class=\"elementor-element elementor-element-6a2f04d e-con-full e-flex e-con e-child\" data-id=\"6a2f04d\" data-element_type=\"container\">\n\t\t<div class=\"elementor-element elementor-element-b156ce5 e-con-full elementor-hidden-mobile e-flex e-con e-child\" data-id=\"b156ce5\" data-element_type=\"container\">\n\t\t\t\t<div class=\"elementor-element elementor-element-398f080 elementor-widget__width-inherit elementor-widget elementor-widget-image\" data-id=\"398f080\" data-element_type=\"widget\" data-widget_type=\"image.default\">\n\t\t\t\t<div class=\"elementor-widget-container\">\n\t\t\t\t\t\t\t\t\t\t\t\t\t\t\t<img decoding=\"async\" width=\"1080\" height=\"1080\" data-src=\"https:\/\/micropigmentacionisabelarias.com\/wp-content\/uploads\/2025\/06\/4-2.png\" class=\"attachment-full size-full wp-image-2840 lazyload\" alt=\"\" data-srcset=\"https:\/\/micropigmentacionisabelarias.com\/wp-content\/uploads\/2025\/06\/4-2.png 1080w, https:\/\/micropigmentacionisabelarias.com\/wp-content\/uploads\/2025\/06\/4-2-300x300.png 300w, https:\/\/micropigmentacionisabelarias.com\/wp-content\/uploads\/2025\/06\/4-2-1024x1024.png 1024w, https:\/\/micropigmentacionisabelarias.com\/wp-content\/uploads\/2025\/06\/4-2-150x150.png 150w, https:\/\/micropigmentacionisabelarias.com\/wp-content\/uploads\/2025\/06\/4-2-768x768.png 768w, https:\/\/micropigmentacionisabelarias.com\/wp-content\/uploads\/2025\/06\/4-2-12x12.png 12w\" data-sizes=\"(max-width: 1080px) 100vw, 1080px\" src=\"data:image\/gif;base64,R0lGODlhAQABAAAAACH5BAEKAAEALAAAAAABAAEAAAICTAEAOw==\" style=\"--smush-placeholder-width: 1080px; --smush-placeholder-aspect-ratio: 1080\/1080;\" \/>\t\t\t\t\t\t\t\t\t\t\t\t\t\t\t<\/div>\n\t\t\t\t<\/div>\n\t\t\t\t<div class=\"elementor-element elementor-element-e371a0d elementor-widget__width-inherit elementor-widget elementor-widget-image\" data-id=\"e371a0d\" data-element_type=\"widget\" data-widget_type=\"image.default\">\n\t\t\t\t<div class=\"elementor-widget-container\">\n\t\t\t\t\t\t\t\t\t\t\t\t\t\t\t<img decoding=\"async\" width=\"1080\" height=\"1080\" data-src=\"https:\/\/micropigmentacionisabelarias.com\/wp-content\/uploads\/2025\/06\/5-1.png\" class=\"attachment-full size-full wp-image-2841 lazyload\" alt=\"\" data-srcset=\"https:\/\/micropigmentacionisabelarias.com\/wp-content\/uploads\/2025\/06\/5-1.png 1080w, https:\/\/micropigmentacionisabelarias.com\/wp-content\/uploads\/2025\/06\/5-1-300x300.png 300w, https:\/\/micropigmentacionisabelarias.com\/wp-content\/uploads\/2025\/06\/5-1-1024x1024.png 1024w, https:\/\/micropigmentacionisabelarias.com\/wp-content\/uploads\/2025\/06\/5-1-150x150.png 150w, https:\/\/micropigmentacionisabelarias.com\/wp-content\/uploads\/2025\/06\/5-1-768x768.png 768w, https:\/\/micropigmentacionisabelarias.com\/wp-content\/uploads\/2025\/06\/5-1-12x12.png 12w\" data-sizes=\"(max-width: 1080px) 100vw, 1080px\" src=\"data:image\/gif;base64,R0lGODlhAQABAAAAACH5BAEKAAEALAAAAAABAAEAAAICTAEAOw==\" style=\"--smush-placeholder-width: 1080px; --smush-placeholder-aspect-ratio: 1080\/1080;\" \/>\t\t\t\t\t\t\t\t\t\t\t\t\t\t\t<\/div>\n\t\t\t\t<\/div>\n\t\t\t\t<\/div>\n\t\t<div class=\"elementor-element elementor-element-9b5385e e-con-full elementor-hidden-desktop elementor-hidden-laptop elementor-hidden-tablet e-flex e-con e-child\" data-id=\"9b5385e\" data-element_type=\"container\">\n\t\t\t\t<div class=\"elementor-element elementor-element-4931ab5 elementor-widget elementor-widget-ucaddon_content_carousel_new\" data-id=\"4931ab5\" data-element_type=\"widget\" data-widget_type=\"ucaddon_content_carousel_new.default\">\n\t\t\t\t<div class=\"elementor-widget-container\">\n\t\t\t\t\t\n<!-- start Content Carousel -->\n\t\t<link id='font-awesome-css' href='https:\/\/micropigmentacionisabelarias.com\/wp-content\/plugins\/unlimited-elements-for-elementor-premium\/assets_libraries\/font-awesome6\/fontawesome-all.min.css' type='text\/css' rel='stylesheet' >\n\t\t<link id='font-awesome-4-shim-css' href='https:\/\/micropigmentacionisabelarias.com\/wp-content\/plugins\/unlimited-elements-for-elementor-premium\/assets_libraries\/font-awesome6\/fontawesome-v4-shims.min.css' type='text\/css' rel='stylesheet' >\n\t\t<link id='owl-carousel-css' href='https:\/\/micropigmentacionisabelarias.com\/wp-content\/plugins\/unlimited-elements-for-elementor-premium\/assets_libraries\/owl-carousel-new\/assets\/owl.carousel.css' type='text\/css' rel='stylesheet' >\n\t\t<link id='fancybox-css' href='https:\/\/micropigmentacionisabelarias.com\/wp-content\/plugins\/unlimited-elements-for-elementor-premium\/assets_libraries\/fancybox3\/jquery.fancybox.min.css' type='text\/css' rel='stylesheet' >\n\n<style>\/* widget: Content Carousel *\/\n\n.ue-content-carousel{\n  min-height:1px;\n}\n\n#uc_content_carousel_new_elementor_4931ab5 .ue-item{\n  transition:0.3s;\n  position:relative;\n}\n\n#uc_content_carousel_new_elementor_4931ab5 .carousel-image{\n  transition:0.3s;\n}\n#uc_content_carousel_new_elementor_4931ab5{\n  position:relative;\n  min-height:1px;\n}\n\n#uc_content_carousel_new_elementor_4931ab5 .ue-content-holder{\n  display:flex;\n  flex-direction:column;\n}\n\n#uc_content_carousel_new_elementor_4931ab5 .ue-btn-holder{\n  margin-top:auto;\n}\n\n#uc_content_carousel_new_elementor_4931ab5 .owl-nav .owl-prev{\n    position:absolute;\n    display:inline-block;\n    text-align:center;\n}\n\n#uc_content_carousel_new_elementor_4931ab5 .owl-nav .owl-next{\n  position:absolute;\n  display:inline-block;\n  text-align:center;\n}\n\n\n#uc_content_carousel_new_elementor_4931ab5 .owl-dots {\noverflow:hidden;\ntext-align:center;\n}\n\n#uc_content_carousel_new_elementor_4931ab5 .owl-dot {\nborder-radius:50%;\ndisplay:inline-block;\n}\n\n.uc_post_title{\n  font-size:21px;\n}\n\n#uc_content_carousel_new_elementor_4931ab5 .uc_image_carousel_container_holder{\n  overflow:hidden;\n}\n\n#uc_content_carousel_new_elementor_4931ab5 .uc_more_btn{  \n    display:inline-block;\n  text-decoration:none;\n  text-align:center;\n  transition:0.3s;\n}\n\n\n\n#uc_content_carousel_new_elementor_4931ab5 .uc_date{\n  color:gray;\n  padding-top:10px;\n  text-style:italic;\n}\n\n\n\n\n\n\n\n\n#uc_content_carousel_new_elementor_4931ab5 .ue-btn-inner-wrapper{\n  display:inline-flex;\n  align-items:center;\n}\n\n#uc_content_carousel_new_elementor_4931ab5 .ue-btn-inner-wrapper svg{\n  height:1em;\n  width:1em;\n}\n\n#uc_content_carousel_new_elementor_4931ab5 .uc_image_carousel_placeholder{\n  position:relative;\n}\n\n#uc_content_carousel_new_elementor_4931ab5 .ue_img_link{\n  display:block;\n  position:absolute;\n  top:0px;\n  right:0px;\n  left:0px;\n  bottom:0px;\n}\n\n\/* start creative button hover styles *\/\n#uc_content_carousel_new_elementor_4931ab5 .uc_content{\n  display: flex;\n  flex-wrap: wrap;\n}\n\n\/* GENERAL BUTTON STYLING *\/\n#uc_content_carousel_new_elementor_4931ab5 .uc_button {\n  overflow:hidden;\n}\n\n#uc_content_carousel_new_elementor_4931ab5 .uc_button,\n#uc_content_carousel_new_elementor_4931ab5 .uc_button::after {\n\ttransition: all 0.3s;\n}\n\n#uc_content_carousel_new_elementor_4931ab5 .uc_button {\n  position: relative;\n}\n\n#uc_content_carousel_new_elementor_4931ab5 .uc_button span{\n  z-index: 2;\n  position: relative;\n  display: block;\n}\n\n#uc_content_carousel_new_elementor_4931ab5 .uc_button::before,\n#uc_content_carousel_new_elementor_4931ab5 .uc_button::after {\n  content: '';\n  position: absolute;\n  z-index: 1;\n}\n\n\/* BUTTON 1 *\/\n#uc_content_carousel_new_elementor_4931ab5 .uc_btn-1::after {\n  height: 0;\n  left: 0;\n  top: 0;\n  width: 100%;\n}\n\n#uc_content_carousel_new_elementor_4931ab5 .uc_btn-1:hover:after {\n  height: 100%;\n}\n\n\/* BUTTON 7 *\/\n#uc_content_carousel_new_elementor_4931ab5 .uc_btn-7::after {\n  height: 0;\n  left: 0;\n  bottom: 0;\n  width: 100%;\n}\n\n#uc_content_carousel_new_elementor_4931ab5 .uc_btn-7:hover:after {\n  height: 100%;\n}\n\n\/* BUTTON 2 *\/\n#uc_content_carousel_new_elementor_4931ab5 .uc_btn-2::after {\n  height: 100%;\n  left: 0;\n  top: 0;\n  width: 0;\n}\n\n#uc_content_carousel_new_elementor_4931ab5 .uc_btn-2:hover:after {\n  width: 100%;\n}\n\n\/* BUTTON 6 *\/\n#uc_content_carousel_new_elementor_4931ab5 .uc_btn-6::after {\n  height: 100%;\n  right: 0;\n  top: 0;\n  width: 0;\n}\n\n#uc_content_carousel_new_elementor_4931ab5 .uc_btn-6:hover:after {\n  width: 100%;\n}\n\n\/* BUTTON 3 *\/\n#uc_content_carousel_new_elementor_4931ab5 .uc_btn-3::after {\n  height: 0;\n  left: 50%;\n  top: 50%;\n  width: 0;\n}\n\n#uc_content_carousel_new_elementor_4931ab5 .uc_btn-3:hover:after {\n  height: 100%;\n  left: 0;\n  top: 0;\n  width: 100%;\n}\n\n\n\/* BUTTON 4 *\/\n#uc_content_carousel_new_elementor_4931ab5 .uc_btn-4::before {\n}\n\n#uc_content_carousel_new_elementor_4931ab5 .uc_btn-4::after {\n  height: 100%;\n  left: 0;\n  top: 0;\n  width: 100%;\n}\n\n#uc_content_carousel_new_elementor_4931ab5 .uc_btn-4:hover:after{\n  height: 0;\n  left: 50%;\n  top: 50%;\n  width: 0;\n}\n\n\n\/* BUTTON 5 *\/\n#uc_content_carousel_new_elementor_4931ab5 .uc_btn-5 {\n  overflow: hidden;\n}\n\n#uc_content_carousel_new_elementor_4931ab5 .uc_btn-5::after {\n  height: 100%;\n  left: -100%;\n  top: 0;\n  transform: skew(50deg);\n  transition-duration: 0.6s;\n  transform-origin: top left;\n  width: 0;\n}\n\n#uc_content_carousel_new_elementor_4931ab5 .uc_btn-5:hover:after {\n  height: 100%;\n  width: 200%;\n}\n\/* end styles *\/\n\n<\/style>\n\n<div class=\"ue-content-carousel\" >\n   <div class=\"uc_carousel owl-carousel owl-theme uc-items-wrapper  uc-remote-parent\" id=\"uc_content_carousel_new_elementor_4931ab5\" data-lightbox=\"false\" data-equal-height=\"false\"  data-remoteid='diez' data-widgetname='Content Carousel' >\n   \t\t<div class=\"uc_image_carousel_container_holder ue-item\">\n    <div class=\"uc_image_carousel_placeholder\">\n    \n    <div style=\"background-image:inherit;background-position:center; background-repeat:no-repeat;\" class=\"carousel-image lazyload\" data-bg-image=\"url(https:\/\/micropigmentacionisabelarias.com\/wp-content\/uploads\/2025\/06\/4-2.png)\"><\/div>\n    \n        \n        \n  <\/div>\n  \n    <div class=\"uc_image_carousel_content content-padding ue-content-holder\">\n    \n            <div style=\"width:100%;\">\n                  <div class=\"ue-text\" ><\/div>        <\/div>\n       \n    \n    \n    \n    <!-- put your not empty html here -->\n\n    \n    \n            \n  \n    \n    \n          \n        \n      <\/div>\n  <\/div>\n<div class=\"uc_image_carousel_container_holder ue-item\">\n    <div class=\"uc_image_carousel_placeholder\">\n    \n    <div style=\"background-image:inherit;background-position:center; background-repeat:no-repeat;\" class=\"carousel-image lazyload\" data-bg-image=\"url(https:\/\/micropigmentacionisabelarias.com\/wp-content\/uploads\/2025\/06\/5-1.png)\"><\/div>\n    \n        \n        \n  <\/div>\n  \n    <div class=\"uc_image_carousel_content content-padding ue-content-holder\">\n    \n            <div style=\"width:100%;\">\n                  <div class=\"ue-text\" ><\/div>        <\/div>\n       \n    \n    \n    \n    <!-- put your not empty html here -->\n\n    \n    \n            \n  \n    \n    \n          \n        \n      <\/div>\n  <\/div>\n\n   <\/div>\t\n<\/div>\n<!-- end Content Carousel -->\t\t\t\t<\/div>\n\t\t\t\t<\/div>\n\t\t\t\t<div class=\"elementor-element elementor-element-cc52e35 elementor-hidden-desktop elementor-hidden-laptop elementor-hidden-tablet elementor-widget elementor-widget-ucaddon_arrow_navigation\" data-id=\"cc52e35\" data-element_type=\"widget\" data-widget_type=\"ucaddon_arrow_navigation.default\">\n\t\t\t\t<div class=\"elementor-widget-container\">\n\t\t\t\t\t\n<!-- start Remote Arrows -->\n\n<style>\/* widget: Remote Arrows *\/\n\n.ue-remote-carousel-navigation-wrapper\n{\n  display:flex;\n}\n\n.ue-remote-carousel-navigation-wrapper .ue-remote-arrow\n{\n  border:none;\n  border-color:transparent;\n}\n\n.ue-remote-carousel-navigation-wrapper .ue-remote-arrow:hover\n{\n  background-color:transparent;\n \n}\n\n\n#uc_arrow_navigation_elementor_cc52e35\n{\n  display:inline-flex;\n}\n\n#uc_arrow_navigation_elementor_cc52e35 .ue-remote-arrow\n{\n  flex-grow:0;\n  flex-shrink:0;\n  transition:0.3s;\n  display:inline-flex;\n  align-items:center;\n  justify-content:center;\n  line-height:1em;\n  cursor:pointer;\n}\n\n\n#uc_arrow_navigation_elementor_cc52e35 .ue-remote-arrow .ue-carousel-nav-icon\n{\n  transition:0.3s;\n  line-height:1em;\n}\n\n#uc_arrow_navigation_elementor_cc52e35 .ue-remote-arrow .ue-carousel-nav-icon svg\n{\n  transition:0.3s;\n  height:1em;\n  width:1em;\n}\n\n\n#uc_arrow_navigation_elementor_cc52e35 .ue-carousel-nav-label\n{\n  transition:0.3s;\n}\n\n#uc_arrow_navigation_elementor_cc52e35 .uc-disabled{\n\topacity: 0.3;\n}\n\n<\/style>\n\n<div class=\"ue-remote-carousel-navigation-wrapper\">\n<div id=\"uc_arrow_navigation_elementor_cc52e35\" class=\"ue-remote-carousel-navigation\"  data-parentid='diez'>\n  \n  \n  \n\t<div class=\"ue-remote-arrow ue-carousel-prev\">\n    <div class=\"ue-carousel-nav-icon\"><i class='fas fa-chevron-left'><\/i><\/div>\n    \t\n  <\/div>   \n\t\n\n  \n \n\n  <div class=\"ue-remote-arrow ue-carousel-next\">\n        <div class=\"ue-carousel-nav-icon\"><i class='fas fa-chevron-right'><\/i><\/div>\n  <\/div>\n  \n  \n<\/div>\n<\/div>\n<!-- end Remote Arrows -->\t\t\t\t<\/div>\n\t\t\t\t<\/div>\n\t\t\t\t<\/div>\n\t\t\t\t<\/div>\n\t\t\t\t\t<\/div>\n\t\t\t\t<\/div>\n\t\t<div class=\"elementor-element elementor-element-16f9dc1 e-flex e-con-boxed e-con e-parent\" data-id=\"16f9dc1\" data-element_type=\"container\" data-settings=\"{&quot;background_background&quot;:&quot;classic&quot;}\">\n\t\t\t\t\t<div class=\"e-con-inner\">\n\t\t<div class=\"elementor-element elementor-element-5cd1c0b e-con-full e-flex e-con e-child\" data-id=\"5cd1c0b\" data-element_type=\"container\">\n\t\t\t\t<div class=\"elementor-element elementor-element-8f9fb38 elementor-widget elementor-widget-heading\" data-id=\"8f9fb38\" data-element_type=\"widget\" data-widget_type=\"heading.default\">\n\t\t\t\t<div class=\"elementor-widget-container\">\n\t\t\t\t\t<h2 class=\"elementor-heading-title elementor-size-default\">SI NO SABES QUE TRATAMIENTO ES MEJOR PARA TI, CONTACTA CONMIGO Y ESTAR\u00c9 ENCANTADA DE AYUDARTE<\/h2>\t\t\t\t<\/div>\n\t\t\t\t<\/div>\n\t\t\t\t<div class=\"elementor-element elementor-element-1e569d9 elementor-widget elementor-widget-ucaddon_border_btn_effect\" data-id=\"1e569d9\" data-element_type=\"widget\" data-widget_type=\"ucaddon_border_btn_effect.default\">\n\t\t\t\t<div class=\"elementor-widget-container\">\n\t\t\t\t\t\n<!-- start Border Button Effect -->\n\n<style>\/* widget: Border Button Effect *\/\n\n#uc_border_btn_effect_elementor_1e569d9 {\n  min-height:1px;\n}\n\n#uc_border_btn_effect_elementor_1e569d9 .ue-btn{\n  justify-content: center;\n  text-align: center;\n  position: relative;\n  text-decoration: none;\n  box-sizing:border-box;\n  outline:none;\n}\n\n#uc_border_btn_effect_elementor_1e569d9 .ue-btn:before,\n#uc_border_btn_effect_elementor_1e569d9 .ue-btn:after{\n  position: absolute;\n  content: \"\";\n}\n\n#uc_border_btn_effect_elementor_1e569d9 .ue-btn:before{\n  border-bottom: 1px solid #EABE38;\n  border-left: 1px solid #EABE38;\n  width: 20px;\n  height: 20px;\n  left: -4px;\n  bottom: -4px;\n}\n\n#uc_border_btn_effect_elementor_1e569d9 .ue-btn:after{\n  border-top: 1px solid #EABE38;\n  border-right: 1px solid #EABE38;\n  width: 20px;\n  height: 20px;\n  top: -4px;\n  right: -4px;\n}\n\n#uc_border_btn_effect_elementor_1e569d9 .ue-btn:hover:before{\n  width: 100%;\n  height: 100%;\n}\n\n#uc_border_btn_effect_elementor_1e569d9 .ue-btn:hover:after{\n  width: 100%;\n  height: 100%;\n}\n\n\n\n<\/style>\n\n<div id=\"uc_border_btn_effect_elementor_1e569d9\" class=\"ue-btn-wrapper\">\n  <a class=\"ue-btn\" href=\"https:\/\/micropigmentacionisabelarias.com\/en\/contacto\/\"  aria-label=\"pide tu cita\">\n        pide tu cita\n  <\/a>\n<\/div>\n<!-- end Border Button Effect -->\t\t\t\t<\/div>\n\t\t\t\t<\/div>\n\t\t\t\t<\/div>\n\t\t\t\t\t<\/div>\n\t\t\t\t<\/div>\n\t\t\t\t<\/div>","protected":false},"excerpt":{"rendered":"<p>ONCOLOG\u00cdA Y ALOPECIA Nuestros tratamientos DERMOPIGMENTACI\u00d3N ONCOL\u00d3GICA Recupera tu imagen, refuerza tu autoestima y siente el cambio, tambi\u00e9n durante el proceso En un proceso oncol\u00f3gico, cuidar tu imagen no es superficial: es terap\u00e9utico. Est\u00e1 demostrado que sentirte bien contigo mismo influye directamente en tu estado emocional y en la respuesta del sistema inmunol\u00f3gico. Por eso, [&hellip;]<\/p>","protected":false},"author":2,"featured_media":0,"parent":0,"menu_order":0,"comment_status":"closed","ping_status":"closed","template":"elementor_header_footer","meta":{"footnotes":""},"class_list":["post-602","page","type-page","status-publish","hentry"],"_links":{"self":[{"href":"https:\/\/micropigmentacionisabelarias.com\/en\/wp-json\/wp\/v2\/pages\/602","targetHints":{"allow":["GET"]}}],"collection":[{"href":"https:\/\/micropigmentacionisabelarias.com\/en\/wp-json\/wp\/v2\/pages"}],"about":[{"href":"https:\/\/micropigmentacionisabelarias.com\/en\/wp-json\/wp\/v2\/types\/page"}],"author":[{"embeddable":true,"href":"https:\/\/micropigmentacionisabelarias.com\/en\/wp-json\/wp\/v2\/users\/2"}],"replies":[{"embeddable":true,"href":"https:\/\/micropigmentacionisabelarias.com\/en\/wp-json\/wp\/v2\/comments?post=602"}],"version-history":[{"count":108,"href":"https:\/\/micropigmentacionisabelarias.com\/en\/wp-json\/wp\/v2\/pages\/602\/revisions"}],"predecessor-version":[{"id":2918,"href":"https:\/\/micropigmentacionisabelarias.com\/en\/wp-json\/wp\/v2\/pages\/602\/revisions\/2918"}],"wp:attachment":[{"href":"https:\/\/micropigmentacionisabelarias.com\/en\/wp-json\/wp\/v2\/media?parent=602"}],"curies":[{"name":"wp","href":"https:\/\/api.w.org\/{rel}","templated":true}]}}