{"id":894,"date":"2024-06-06T23:16:23","date_gmt":"2024-06-06T23:16:23","guid":{"rendered":"https:\/\/micropigmentacionisabelarias.com\/?page_id=894"},"modified":"2025-09-19T14:14:07","modified_gmt":"2025-09-19T14:14:07","slug":"despigmentacion","status":"publish","type":"page","link":"https:\/\/micropigmentacionisabelarias.com\/en\/despigmentacion\/","title":{"rendered":"Despigmentaci\u00f3n"},"content":{"rendered":"<div data-elementor-type=\"wp-page\" data-elementor-id=\"894\" class=\"elementor elementor-894\" data-elementor-post-type=\"page\">\n\t\t\t\t<div class=\"elementor-element elementor-element-0da716b e-flex e-con-boxed e-con e-parent\" data-id=\"0da716b\" data-element_type=\"container\" data-settings=\"{&quot;background_background&quot;:&quot;classic&quot;}\">\n\t\t\t\t\t<div class=\"e-con-inner\">\n\t\t<div class=\"elementor-element elementor-element-83887fe e-con-full animated-slow e-flex elementor-invisible e-con e-child\" data-id=\"83887fe\" data-element_type=\"container\" data-settings=\"{&quot;animation&quot;:&quot;fadeIn&quot;}\">\n\t\t\t\t<div class=\"elementor-element elementor-element-6b3495e elementor-widget-mobile__width-inherit elementor-widget elementor-widget-heading\" data-id=\"6b3495e\" data-element_type=\"widget\" data-widget_type=\"heading.default\">\n\t\t\t\t<div class=\"elementor-widget-container\">\n\t\t\t\t\t<h1 class=\"elementor-heading-title elementor-size-default\">DESPIGMENTACI\u00d3N<\/h1>\t\t\t\t<\/div>\n\t\t\t\t<\/div>\n\t\t\t\t<div class=\"elementor-element elementor-element-a1cbbb0 elementor-widget-mobile__width-inherit elementor-widget elementor-widget-heading\" data-id=\"a1cbbb0\" data-element_type=\"widget\" data-widget_type=\"heading.default\">\n\t\t\t\t<div class=\"elementor-widget-container\">\n\t\t\t\t\t<h5 class=\"elementor-heading-title elementor-size-default\">Nuestros tratamientos<\/h5>\t\t\t\t<\/div>\n\t\t\t\t<\/div>\n\t\t\t\t<\/div>\n\t\t\t\t\t<\/div>\n\t\t\t\t<\/div>\n\t\t<div class=\"elementor-element elementor-element-05ecbba e-flex e-con-boxed e-con e-parent\" data-id=\"05ecbba\" data-element_type=\"container\" data-settings=\"{&quot;background_background&quot;:&quot;classic&quot;}\">\n\t\t\t\t\t<div class=\"e-con-inner\">\n\t\t<div class=\"elementor-element elementor-element-34528b8 e-con-full e-flex e-con e-child\" data-id=\"34528b8\" data-element_type=\"container\">\n\t\t<div class=\"elementor-element elementor-element-7cc18e9 e-con-full e-flex e-con e-child\" data-id=\"7cc18e9\" data-element_type=\"container\">\n\t\t\t\t<div class=\"elementor-element elementor-element-aecb61e elementor-widget elementor-widget-heading\" data-id=\"aecb61e\" data-element_type=\"widget\" data-widget_type=\"heading.default\">\n\t\t\t\t<div class=\"elementor-widget-container\">\n\t\t\t\t\t<h2 class=\"elementor-heading-title elementor-size-default\">PIGMENT REMOVER DE PIGMENT OFF<\/h2>\t\t\t\t<\/div>\n\t\t\t\t<\/div>\n\t\t\t\t<div class=\"elementor-element elementor-element-f5862dc elementor-widget elementor-widget-text-editor\" data-id=\"f5862dc\" data-element_type=\"widget\" data-widget_type=\"text-editor.default\">\n\t\t\t\t<div class=\"elementor-widget-container\">\n\t\t\t\t\t\t\t\t\t<p>Despigmentaci\u00f3n segura, efectiva y sin dolor<\/p>\t\t\t\t\t\t\t\t<\/div>\n\t\t\t\t<\/div>\n\t\t\t\t<div class=\"elementor-element elementor-element-2cbe4ce elementor-widget elementor-widget-text-editor\" data-id=\"2cbe4ce\" data-element_type=\"widget\" data-widget_type=\"text-editor.default\">\n\t\t\t\t<div class=\"elementor-widget-container\">\n\t\t\t\t\t\t\t\t\t<p>La clave para eliminar una mala pigmentaci\u00f3n est\u00e1 en usar productos de calidad y m\u00e9todos profesionales punteros en el mercado europeo.\u00a0<\/p><p>Pigment Remover de Pigment-Off es mi opci\u00f3n favorita para realizar una despigmentaci\u00f3n de cejas, labios y eyeliner de forma segura, sin da\u00f1ar la piel y completamente sin dolor.<\/p><p>Este innovador producto alem\u00e1n, desarrollado por especialistas, ofrece una despigmentaci\u00f3n sin l\u00e1ser y garantiza un proceso seguro y controlado. A diferencia de otros m\u00e9todos, el color va reduci\u00e9ndose progresivamente,\u00a0 sin pasar por el molesto proceso de \u00abazulado\u00bb en los labios, logrando una eliminaci\u00f3n m\u00e1s natural.<\/p><p>Es un procedimiento ideal para corregir errores previos y dejar tu piel preparada para un nuevo dise\u00f1o de cejas, labios y ojos.<\/p>\t\t\t\t\t\t\t\t<\/div>\n\t\t\t\t<\/div>\n\t\t\t\t<\/div>\n\t\t<div class=\"elementor-element elementor-element-17f3e71 e-con-full e-flex e-con e-child\" data-id=\"17f3e71\" data-element_type=\"container\">\n\t\t\t\t<div class=\"elementor-element elementor-element-005c50a elementor-widget elementor-widget-image\" data-id=\"005c50a\" data-element_type=\"widget\" data-widget_type=\"image.default\">\n\t\t\t\t<div class=\"elementor-widget-container\">\n\t\t\t\t\t\t\t\t\t\t\t\t\t\t\t<img fetchpriority=\"high\" decoding=\"async\" width=\"540\" height=\"519\" src=\"https:\/\/micropigmentacionisabelarias.com\/wp-content\/uploads\/2025\/05\/Copia-de-Copia-de-PRODUCTO.png\" class=\"attachment-full size-full wp-image-1462\" alt=\"\" srcset=\"https:\/\/micropigmentacionisabelarias.com\/wp-content\/uploads\/2025\/05\/Copia-de-Copia-de-PRODUCTO.png 540w, https:\/\/micropigmentacionisabelarias.com\/wp-content\/uploads\/2025\/05\/Copia-de-Copia-de-PRODUCTO-300x288.png 300w, https:\/\/micropigmentacionisabelarias.com\/wp-content\/uploads\/2025\/05\/Copia-de-Copia-de-PRODUCTO-12x12.png 12w\" sizes=\"(max-width: 540px) 100vw, 540px\" \/>\t\t\t\t\t\t\t\t\t\t\t\t\t\t\t<\/div>\n\t\t\t\t<\/div>\n\t\t\t\t<\/div>\n\t\t\t\t<\/div>\n\t\t<div class=\"elementor-element elementor-element-bfcb891 e-con-full e-flex e-con e-child\" data-id=\"bfcb891\" data-element_type=\"container\">\n\t\t<div class=\"elementor-element elementor-element-8c11209 e-con-full elementor-hidden-mobile e-flex e-con e-child\" data-id=\"8c11209\" data-element_type=\"container\">\n\t\t\t\t<div class=\"elementor-element elementor-element-442fb0e elementor-widget__width-inherit elementor-widget elementor-widget-image\" data-id=\"442fb0e\" data-element_type=\"widget\" data-widget_type=\"image.default\">\n\t\t\t\t<div class=\"elementor-widget-container\">\n\t\t\t\t\t\t\t\t\t\t\t\t\t\t\t<img decoding=\"async\" width=\"1080\" height=\"1080\" data-src=\"https:\/\/micropigmentacionisabelarias.com\/wp-content\/uploads\/2025\/06\/2.png\" class=\"attachment-full size-full wp-image-2787 lazyload\" alt=\"\" data-srcset=\"https:\/\/micropigmentacionisabelarias.com\/wp-content\/uploads\/2025\/06\/2.png 1080w, https:\/\/micropigmentacionisabelarias.com\/wp-content\/uploads\/2025\/06\/2-300x300.png 300w, https:\/\/micropigmentacionisabelarias.com\/wp-content\/uploads\/2025\/06\/2-1024x1024.png 1024w, https:\/\/micropigmentacionisabelarias.com\/wp-content\/uploads\/2025\/06\/2-150x150.png 150w, https:\/\/micropigmentacionisabelarias.com\/wp-content\/uploads\/2025\/06\/2-768x768.png 768w, https:\/\/micropigmentacionisabelarias.com\/wp-content\/uploads\/2025\/06\/2-12x12.png 12w\" data-sizes=\"(max-width: 1080px) 100vw, 1080px\" src=\"data:image\/gif;base64,R0lGODlhAQABAAAAACH5BAEKAAEALAAAAAABAAEAAAICTAEAOw==\" style=\"--smush-placeholder-width: 1080px; --smush-placeholder-aspect-ratio: 1080\/1080;\" \/>\t\t\t\t\t\t\t\t\t\t\t\t\t\t\t<\/div>\n\t\t\t\t<\/div>\n\t\t\t\t<div class=\"elementor-element elementor-element-cdd53a0 elementor-widget__width-inherit elementor-widget elementor-widget-image\" data-id=\"cdd53a0\" data-element_type=\"widget\" data-widget_type=\"image.default\">\n\t\t\t\t<div class=\"elementor-widget-container\">\n\t\t\t\t\t\t\t\t\t\t\t\t\t\t\t<img decoding=\"async\" width=\"1080\" height=\"1080\" data-src=\"https:\/\/micropigmentacionisabelarias.com\/wp-content\/uploads\/2025\/06\/1.png\" class=\"attachment-full size-full wp-image-2786 lazyload\" alt=\"\" data-srcset=\"https:\/\/micropigmentacionisabelarias.com\/wp-content\/uploads\/2025\/06\/1.png 1080w, https:\/\/micropigmentacionisabelarias.com\/wp-content\/uploads\/2025\/06\/1-300x300.png 300w, https:\/\/micropigmentacionisabelarias.com\/wp-content\/uploads\/2025\/06\/1-1024x1024.png 1024w, https:\/\/micropigmentacionisabelarias.com\/wp-content\/uploads\/2025\/06\/1-150x150.png 150w, https:\/\/micropigmentacionisabelarias.com\/wp-content\/uploads\/2025\/06\/1-768x768.png 768w, https:\/\/micropigmentacionisabelarias.com\/wp-content\/uploads\/2025\/06\/1-12x12.png 12w\" data-sizes=\"(max-width: 1080px) 100vw, 1080px\" src=\"data:image\/gif;base64,R0lGODlhAQABAAAAACH5BAEKAAEALAAAAAABAAEAAAICTAEAOw==\" style=\"--smush-placeholder-width: 1080px; --smush-placeholder-aspect-ratio: 1080\/1080;\" \/>\t\t\t\t\t\t\t\t\t\t\t\t\t\t\t<\/div>\n\t\t\t\t<\/div>\n\t\t\t\t<\/div>\n\t\t<div class=\"elementor-element elementor-element-ab2b68a e-con-full elementor-hidden-desktop elementor-hidden-laptop elementor-hidden-tablet e-flex e-con e-child\" data-id=\"ab2b68a\" data-element_type=\"container\">\n\t\t\t\t<div class=\"elementor-element elementor-element-6402e67 elementor-widget elementor-widget-ucaddon_content_carousel_new\" data-id=\"6402e67\" data-element_type=\"widget\" data-widget_type=\"ucaddon_content_carousel_new.default\">\n\t\t\t\t<div class=\"elementor-widget-container\">\n\t\t\t\t\t\n<!-- start Content Carousel -->\n\t\t<link id='font-awesome-css' href='https:\/\/micropigmentacionisabelarias.com\/wp-content\/plugins\/unlimited-elements-for-elementor-premium\/assets_libraries\/font-awesome6\/fontawesome-all.min.css' type='text\/css' rel='stylesheet' >\n\t\t<link id='font-awesome-4-shim-css' href='https:\/\/micropigmentacionisabelarias.com\/wp-content\/plugins\/unlimited-elements-for-elementor-premium\/assets_libraries\/font-awesome6\/fontawesome-v4-shims.min.css' type='text\/css' rel='stylesheet' >\n\t\t<link id='owl-carousel-css' href='https:\/\/micropigmentacionisabelarias.com\/wp-content\/plugins\/unlimited-elements-for-elementor-premium\/assets_libraries\/owl-carousel-new\/assets\/owl.carousel.css' type='text\/css' rel='stylesheet' >\n\t\t<link id='fancybox-css' href='https:\/\/micropigmentacionisabelarias.com\/wp-content\/plugins\/unlimited-elements-for-elementor-premium\/assets_libraries\/fancybox3\/jquery.fancybox.min.css' type='text\/css' rel='stylesheet' >\n\n<style>\/* widget: Content Carousel *\/\n\n.ue-content-carousel{\n  min-height:1px;\n}\n\n#uc_content_carousel_new_elementor_6402e67 .ue-item{\n  transition:0.3s;\n  position:relative;\n}\n\n#uc_content_carousel_new_elementor_6402e67 .carousel-image{\n  transition:0.3s;\n}\n#uc_content_carousel_new_elementor_6402e67{\n  position:relative;\n  min-height:1px;\n}\n\n#uc_content_carousel_new_elementor_6402e67 .ue-content-holder{\n  display:flex;\n  flex-direction:column;\n}\n\n#uc_content_carousel_new_elementor_6402e67 .ue-btn-holder{\n  margin-top:auto;\n}\n\n#uc_content_carousel_new_elementor_6402e67 .owl-nav .owl-prev{\n    position:absolute;\n    display:inline-block;\n    text-align:center;\n}\n\n#uc_content_carousel_new_elementor_6402e67 .owl-nav .owl-next{\n  position:absolute;\n  display:inline-block;\n  text-align:center;\n}\n\n\n#uc_content_carousel_new_elementor_6402e67 .owl-dots {\noverflow:hidden;\ntext-align:center;\n}\n\n#uc_content_carousel_new_elementor_6402e67 .owl-dot {\nborder-radius:50%;\ndisplay:inline-block;\n}\n\n.uc_post_title{\n  font-size:21px;\n}\n\n#uc_content_carousel_new_elementor_6402e67 .uc_image_carousel_container_holder{\n  overflow:hidden;\n}\n\n#uc_content_carousel_new_elementor_6402e67 .uc_more_btn{  \n    display:inline-block;\n  text-decoration:none;\n  text-align:center;\n  transition:0.3s;\n}\n\n\n\n#uc_content_carousel_new_elementor_6402e67 .uc_date{\n  color:gray;\n  padding-top:10px;\n  text-style:italic;\n}\n\n\n\n\n\n\n\n\n#uc_content_carousel_new_elementor_6402e67 .ue-btn-inner-wrapper{\n  display:inline-flex;\n  align-items:center;\n}\n\n#uc_content_carousel_new_elementor_6402e67 .ue-btn-inner-wrapper svg{\n  height:1em;\n  width:1em;\n}\n\n#uc_content_carousel_new_elementor_6402e67 .uc_image_carousel_placeholder{\n  position:relative;\n}\n\n#uc_content_carousel_new_elementor_6402e67 .ue_img_link{\n  display:block;\n  position:absolute;\n  top:0px;\n  right:0px;\n  left:0px;\n  bottom:0px;\n}\n\n\/* start creative button hover styles *\/\n#uc_content_carousel_new_elementor_6402e67 .uc_content{\n  display: flex;\n  flex-wrap: wrap;\n}\n\n\/* GENERAL BUTTON STYLING *\/\n#uc_content_carousel_new_elementor_6402e67 .uc_button {\n  overflow:hidden;\n}\n\n#uc_content_carousel_new_elementor_6402e67 .uc_button,\n#uc_content_carousel_new_elementor_6402e67 .uc_button::after {\n\ttransition: all 0.3s;\n}\n\n#uc_content_carousel_new_elementor_6402e67 .uc_button {\n  position: relative;\n}\n\n#uc_content_carousel_new_elementor_6402e67 .uc_button span{\n  z-index: 2;\n  position: relative;\n  display: block;\n}\n\n#uc_content_carousel_new_elementor_6402e67 .uc_button::before,\n#uc_content_carousel_new_elementor_6402e67 .uc_button::after {\n  content: '';\n  position: absolute;\n  z-index: 1;\n}\n\n\/* BUTTON 1 *\/\n#uc_content_carousel_new_elementor_6402e67 .uc_btn-1::after {\n  height: 0;\n  left: 0;\n  top: 0;\n  width: 100%;\n}\n\n#uc_content_carousel_new_elementor_6402e67 .uc_btn-1:hover:after {\n  height: 100%;\n}\n\n\/* BUTTON 7 *\/\n#uc_content_carousel_new_elementor_6402e67 .uc_btn-7::after {\n  height: 0;\n  left: 0;\n  bottom: 0;\n  width: 100%;\n}\n\n#uc_content_carousel_new_elementor_6402e67 .uc_btn-7:hover:after {\n  height: 100%;\n}\n\n\/* BUTTON 2 *\/\n#uc_content_carousel_new_elementor_6402e67 .uc_btn-2::after {\n  height: 100%;\n  left: 0;\n  top: 0;\n  width: 0;\n}\n\n#uc_content_carousel_new_elementor_6402e67 .uc_btn-2:hover:after {\n  width: 100%;\n}\n\n\/* BUTTON 6 *\/\n#uc_content_carousel_new_elementor_6402e67 .uc_btn-6::after {\n  height: 100%;\n  right: 0;\n  top: 0;\n  width: 0;\n}\n\n#uc_content_carousel_new_elementor_6402e67 .uc_btn-6:hover:after {\n  width: 100%;\n}\n\n\/* BUTTON 3 *\/\n#uc_content_carousel_new_elementor_6402e67 .uc_btn-3::after {\n  height: 0;\n  left: 50%;\n  top: 50%;\n  width: 0;\n}\n\n#uc_content_carousel_new_elementor_6402e67 .uc_btn-3:hover:after {\n  height: 100%;\n  left: 0;\n  top: 0;\n  width: 100%;\n}\n\n\n\/* BUTTON 4 *\/\n#uc_content_carousel_new_elementor_6402e67 .uc_btn-4::before {\n}\n\n#uc_content_carousel_new_elementor_6402e67 .uc_btn-4::after {\n  height: 100%;\n  left: 0;\n  top: 0;\n  width: 100%;\n}\n\n#uc_content_carousel_new_elementor_6402e67 .uc_btn-4:hover:after{\n  height: 0;\n  left: 50%;\n  top: 50%;\n  width: 0;\n}\n\n\n\/* BUTTON 5 *\/\n#uc_content_carousel_new_elementor_6402e67 .uc_btn-5 {\n  overflow: hidden;\n}\n\n#uc_content_carousel_new_elementor_6402e67 .uc_btn-5::after {\n  height: 100%;\n  left: -100%;\n  top: 0;\n  transform: skew(50deg);\n  transition-duration: 0.6s;\n  transform-origin: top left;\n  width: 0;\n}\n\n#uc_content_carousel_new_elementor_6402e67 .uc_btn-5:hover:after {\n  height: 100%;\n  width: 200%;\n}\n\/* end styles *\/\n\n<\/style>\n\n<div class=\"ue-content-carousel\" >\n   <div class=\"uc_carousel owl-carousel owl-theme uc-items-wrapper  uc-remote-parent\" id=\"uc_content_carousel_new_elementor_6402e67\" data-lightbox=\"false\" data-equal-height=\"false\"  data-remoteid='once' data-widgetname='Content Carousel' >\n   \t\t<div class=\"uc_image_carousel_container_holder ue-item\">\n    <div class=\"uc_image_carousel_placeholder\">\n    \n    <div style=\"background-image:inherit;background-position:center; background-repeat:no-repeat;\" class=\"carousel-image lazyload\" data-bg-image=\"url(https:\/\/micropigmentacionisabelarias.com\/wp-content\/uploads\/2025\/06\/2.png)\"><\/div>\n    \n        \n        \n  <\/div>\n  \n    <div class=\"uc_image_carousel_content content-padding ue-content-holder\">\n    \n            <div style=\"width:100%;\">\n                  <div class=\"ue-text\" ><\/div>        <\/div>\n       \n    \n    \n    \n    <!-- put your not empty html here -->\n\n    \n    \n            \n  \n    \n    \n          \n        \n      <\/div>\n  <\/div>\n<div class=\"uc_image_carousel_container_holder ue-item\">\n    <div class=\"uc_image_carousel_placeholder\">\n    \n    <div style=\"background-image:inherit;background-position:center; background-repeat:no-repeat;\" class=\"carousel-image lazyload\" data-bg-image=\"url(https:\/\/micropigmentacionisabelarias.com\/wp-content\/uploads\/2025\/06\/1.png)\"><\/div>\n    \n        \n        \n  <\/div>\n  \n    <div class=\"uc_image_carousel_content content-padding ue-content-holder\">\n    \n            <div style=\"width:100%;\">\n                  <div class=\"ue-text\" ><\/div>        <\/div>\n       \n    \n    \n    \n    <!-- put your not empty html here -->\n\n    \n    \n            \n  \n    \n    \n          \n        \n      <\/div>\n  <\/div>\n\n   <\/div>\t\n<\/div>\n<!-- end Content Carousel -->\t\t\t\t<\/div>\n\t\t\t\t<\/div>\n\t\t\t\t<div class=\"elementor-element elementor-element-4234bd6 elementor-hidden-desktop elementor-hidden-laptop elementor-hidden-tablet elementor-widget elementor-widget-ucaddon_arrow_navigation\" data-id=\"4234bd6\" data-element_type=\"widget\" data-widget_type=\"ucaddon_arrow_navigation.default\">\n\t\t\t\t<div class=\"elementor-widget-container\">\n\t\t\t\t\t\n<!-- start Remote Arrows -->\n\n<style>\/* widget: Remote Arrows *\/\n\n.ue-remote-carousel-navigation-wrapper\n{\n  display:flex;\n}\n\n.ue-remote-carousel-navigation-wrapper .ue-remote-arrow\n{\n  border:none;\n  border-color:transparent;\n}\n\n.ue-remote-carousel-navigation-wrapper .ue-remote-arrow:hover\n{\n  background-color:transparent;\n \n}\n\n\n#uc_arrow_navigation_elementor_4234bd6\n{\n  display:inline-flex;\n}\n\n#uc_arrow_navigation_elementor_4234bd6 .ue-remote-arrow\n{\n  flex-grow:0;\n  flex-shrink:0;\n  transition:0.3s;\n  display:inline-flex;\n  align-items:center;\n  justify-content:center;\n  line-height:1em;\n  cursor:pointer;\n}\n\n\n#uc_arrow_navigation_elementor_4234bd6 .ue-remote-arrow .ue-carousel-nav-icon\n{\n  transition:0.3s;\n  line-height:1em;\n}\n\n#uc_arrow_navigation_elementor_4234bd6 .ue-remote-arrow .ue-carousel-nav-icon svg\n{\n  transition:0.3s;\n  height:1em;\n  width:1em;\n}\n\n\n#uc_arrow_navigation_elementor_4234bd6 .ue-carousel-nav-label\n{\n  transition:0.3s;\n}\n\n#uc_arrow_navigation_elementor_4234bd6 .uc-disabled{\n\topacity: 0.3;\n}\n\n<\/style>\n\n<div class=\"ue-remote-carousel-navigation-wrapper\">\n<div id=\"uc_arrow_navigation_elementor_4234bd6\" class=\"ue-remote-carousel-navigation\"  data-parentid='once'>\n  \n  \n  \n\t<div class=\"ue-remote-arrow ue-carousel-prev\">\n    <div class=\"ue-carousel-nav-icon\"><i class='fas fa-chevron-left'><\/i><\/div>\n    \t\n  <\/div>   \n\t\n\n  \n \n\n  <div class=\"ue-remote-arrow ue-carousel-next\">\n        <div class=\"ue-carousel-nav-icon\"><i class='fas fa-chevron-right'><\/i><\/div>\n  <\/div>\n  \n  \n<\/div>\n<\/div>\n<!-- end Remote Arrows -->\t\t\t\t<\/div>\n\t\t\t\t<\/div>\n\t\t\t\t<\/div>\n\t\t\t\t<\/div>\n\t\t\t\t\t<\/div>\n\t\t\t\t<\/div>\n\t\t<div class=\"elementor-element elementor-element-b48ada5 e-flex e-con-boxed e-con e-parent\" data-id=\"b48ada5\" data-element_type=\"container\" data-settings=\"{&quot;background_background&quot;:&quot;classic&quot;}\">\n\t\t\t\t\t<div class=\"e-con-inner\">\n\t\t<div class=\"elementor-element elementor-element-72d3973 e-con-full e-flex e-con e-child\" data-id=\"72d3973\" data-element_type=\"container\">\n\t\t\t\t<div class=\"elementor-element elementor-element-737ac51 elementor-widget elementor-widget-heading\" data-id=\"737ac51\" data-element_type=\"widget\" data-widget_type=\"heading.default\">\n\t\t\t\t<div class=\"elementor-widget-container\">\n\t\t\t\t\t<h2 class=\"elementor-heading-title elementor-size-default\">SI NO SABES QUE TRATAMIENTO ES MEJOR PARA TI, CONTACTA CONMIGO Y ESTAR\u00c9 ENCANTADA DE AYUDARTE<\/h2>\t\t\t\t<\/div>\n\t\t\t\t<\/div>\n\t\t\t\t<div class=\"elementor-element elementor-element-beb1b4f elementor-widget elementor-widget-ucaddon_border_btn_effect\" data-id=\"beb1b4f\" data-element_type=\"widget\" data-widget_type=\"ucaddon_border_btn_effect.default\">\n\t\t\t\t<div class=\"elementor-widget-container\">\n\t\t\t\t\t\n<!-- start Border Button Effect -->\n\n<style>\/* widget: Border Button Effect *\/\n\n#uc_border_btn_effect_elementor_beb1b4f {\n  min-height:1px;\n}\n\n#uc_border_btn_effect_elementor_beb1b4f .ue-btn{\n  justify-content: center;\n  text-align: center;\n  position: relative;\n  text-decoration: none;\n  box-sizing:border-box;\n  outline:none;\n}\n\n#uc_border_btn_effect_elementor_beb1b4f .ue-btn:before,\n#uc_border_btn_effect_elementor_beb1b4f .ue-btn:after{\n  position: absolute;\n  content: \"\";\n}\n\n#uc_border_btn_effect_elementor_beb1b4f .ue-btn:before{\n  border-bottom: 1px solid #EABE38;\n  border-left: 1px solid #EABE38;\n  width: 20px;\n  height: 20px;\n  left: -4px;\n  bottom: -4px;\n}\n\n#uc_border_btn_effect_elementor_beb1b4f .ue-btn:after{\n  border-top: 1px solid #EABE38;\n  border-right: 1px solid #EABE38;\n  width: 20px;\n  height: 20px;\n  top: -4px;\n  right: -4px;\n}\n\n#uc_border_btn_effect_elementor_beb1b4f .ue-btn:hover:before{\n  width: 100%;\n  height: 100%;\n}\n\n#uc_border_btn_effect_elementor_beb1b4f .ue-btn:hover:after{\n  width: 100%;\n  height: 100%;\n}\n\n\n\n<\/style>\n\n<div id=\"uc_border_btn_effect_elementor_beb1b4f\" class=\"ue-btn-wrapper\">\n  <a class=\"ue-btn\" href=\"https:\/\/micropigmentacionisabelarias.com\/en\/contacto\/\"  aria-label=\"pide tu cita\">\n        pide tu cita\n  <\/a>\n<\/div>\n<!-- end Border Button Effect -->\t\t\t\t<\/div>\n\t\t\t\t<\/div>\n\t\t\t\t<\/div>\n\t\t\t\t\t<\/div>\n\t\t\t\t<\/div>\n\t\t\t\t<\/div>","protected":false},"excerpt":{"rendered":"<p>DESPIGMENTACI\u00d3N Nuestros tratamientos PIGMENT REMOVER DE PIGMENT OFF Despigmentaci\u00f3n segura, efectiva y sin dolor La clave para eliminar una mala pigmentaci\u00f3n est\u00e1 en usar productos de calidad y m\u00e9todos profesionales punteros en el mercado europeo.\u00a0 Pigment Remover de Pigment-Off es mi opci\u00f3n favorita para realizar una despigmentaci\u00f3n de cejas, labios y eyeliner de forma segura, [&hellip;]<\/p>","protected":false},"author":2,"featured_media":0,"parent":0,"menu_order":0,"comment_status":"closed","ping_status":"closed","template":"elementor_header_footer","meta":{"footnotes":""},"class_list":["post-894","page","type-page","status-publish","hentry"],"_links":{"self":[{"href":"https:\/\/micropigmentacionisabelarias.com\/en\/wp-json\/wp\/v2\/pages\/894","targetHints":{"allow":["GET"]}}],"collection":[{"href":"https:\/\/micropigmentacionisabelarias.com\/en\/wp-json\/wp\/v2\/pages"}],"about":[{"href":"https:\/\/micropigmentacionisabelarias.com\/en\/wp-json\/wp\/v2\/types\/page"}],"author":[{"embeddable":true,"href":"https:\/\/micropigmentacionisabelarias.com\/en\/wp-json\/wp\/v2\/users\/2"}],"replies":[{"embeddable":true,"href":"https:\/\/micropigmentacionisabelarias.com\/en\/wp-json\/wp\/v2\/comments?post=894"}],"version-history":[{"count":81,"href":"https:\/\/micropigmentacionisabelarias.com\/en\/wp-json\/wp\/v2\/pages\/894\/revisions"}],"predecessor-version":[{"id":2931,"href":"https:\/\/micropigmentacionisabelarias.com\/en\/wp-json\/wp\/v2\/pages\/894\/revisions\/2931"}],"wp:attachment":[{"href":"https:\/\/micropigmentacionisabelarias.com\/en\/wp-json\/wp\/v2\/media?parent=894"}],"curies":[{"name":"wp","href":"https:\/\/api.w.org\/{rel}","templated":true}]}}